{"id":164,"date":"2024-12-17T16:28:33","date_gmt":"2024-12-17T13:28:33","guid":{"rendered":"https:\/\/www.ucrania.com.pt\/?page_id=164"},"modified":"2025-01-15T20:02:46","modified_gmt":"2025-01-15T17:02:46","slug":"%d0%be-%d0%bd%d0%b0%d1%81","status":"publish","type":"page","link":"https:\/\/www.ucrania.com.pt\/pt\/%d0%be-%d0%bd%d0%b0%d1%81\/","title":{"rendered":"Quem somos"},"content":{"rendered":"\n<p>A associa\u00e7\u00e3o tem como objetivo principal fortalecer a amizade, o entendimento m\u00fatuo e o interc\u00e2mbio nas \u00e1reas cultural, social e cient\u00edfica entre o povo de Portugal e os povos que residem na Ucr\u00e2nia. Ela promove o conhecimento, por parte dos habitantes de Portugal, da cultura e dos acontecimentos na Ucr\u00e2nia, al\u00e9m de apresentar a cultura e as tradi\u00e7\u00f5es portuguesas ao p\u00fablico ucraniano, incentivando a coopera\u00e7\u00e3o e a promo\u00e7\u00e3o da paz.<\/p>\n\n\n\n<p>A associa\u00e7\u00e3o informa ativamente o p\u00fablico portugu\u00eas e internacional sobre os acontecimentos na Ucr\u00e2nia e busca trocar experi\u00eancias com organiza\u00e7\u00f5es semelhantes no exterior. Al\u00e9m disso, ela inicia e apoia projetos conjuntos de car\u00e1ter informativo e educativo.<\/p>\n\n\n\n<p>A associa\u00e7\u00e3o <strong>Batkivshina<\/strong> foi oficialmente registrada no Minist\u00e9rio da Justi\u00e7a de Portugal em 31 de janeiro de 2024 e tem sua sede localizada no distrito de Lisboa.<\/p>\n\n\n\n<p><strong>Presidente da Associa\u00e7\u00e3o (Dire\u00e7\u00e3o):<\/strong><\/p>\n\n\n\n<p>Oleksandr Nesterenko<\/p>\n\n\n\n<p><strong>Vice-presidente:<\/strong><\/p>\n\n\n\n<p>Valentina Yelysheva-Anisimova<\/p>\n\n\n\n<p><strong>Presidente da Assembleia Geral:<\/strong><\/p>\n\n\n\n<p>Maria Bykovets<\/p>\n\n\n\n<p><strong>Conselho Fiscal:<\/strong><\/p>\n\n\n\n<p>Alina Kononenko<\/p>\n\n\n\n<p><strong>ASSOCIA\u00c7\u00c3O BATKIVSHINA<\/strong><br>CAE: 94995<br>NIF:517879395, DUNS:449773793<br>NIB: 0045 3320 40396594174 70<br>IBAN: PT50 0045 3320 4039 6594 1747 0<br>RUA HERMANO NEVES, 18 3\u00ba ESCRIT\u00d3RIO 7 V2406<br>1600-477 LISBOA<\/p>\n","protected":false},"excerpt":{"rendered":"<p>A associa\u00e7\u00e3o tem como objetivo principal fortalecer a amizade, o entendimento m\u00fatuo e o interc\u00e2mbio nas \u00e1reas cultural, social e cient\u00edfica entre o povo de Portugal e os povos que residem na Ucr\u00e2nia. Ela promove o conhecimento, por parte dos habitantes de Portugal, da cultura e dos acontecimentos na Ucr\u00e2nia, al\u00e9m de apresentar a cultura [&hellip;]<\/p>\n","protected":false},"author":1,"featured_media":158,"parent":0,"menu_order":0,"comment_status":"closed","ping_status":"closed","template":"","meta":{"footnotes":""},"class_list":["post-164","page","type-page","status-publish","has-post-thumbnail","hentry"],"translation":{"provider":"WPGlobus","version":"3.0.2","language":"pt","enabled_languages":["ru","pt","uk"],"languages":{"ru":{"title":true,"content":true,"excerpt":false},"pt":{"title":true,"content":true,"excerpt":false},"uk":{"title":true,"content":true,"excerpt":false}}},"_links":{"self":[{"href":"https:\/\/www.ucrania.com.pt\/pt\/wp-json\/wp\/v2\/pages\/164","targetHints":{"allow":["GET"]}}],"collection":[{"href":"https:\/\/www.ucrania.com.pt\/pt\/wp-json\/wp\/v2\/pages"}],"about":[{"href":"https:\/\/www.ucrania.com.pt\/pt\/wp-json\/wp\/v2\/types\/page"}],"author":[{"embeddable":true,"href":"https:\/\/www.ucrania.com.pt\/pt\/wp-json\/wp\/v2\/users\/1"}],"replies":[{"embeddable":true,"href":"https:\/\/www.ucrania.com.pt\/pt\/wp-json\/wp\/v2\/comments?post=164"}],"version-history":[{"count":9,"href":"https:\/\/www.ucrania.com.pt\/pt\/wp-json\/wp\/v2\/pages\/164\/revisions"}],"predecessor-version":[{"id":198,"href":"https:\/\/www.ucrania.com.pt\/pt\/wp-json\/wp\/v2\/pages\/164\/revisions\/198"}],"wp:featuredmedia":[{"embeddable":true,"href":"https:\/\/www.ucrania.com.pt\/pt\/wp-json\/wp\/v2\/media\/158"}],"wp:attachment":[{"href":"https:\/\/www.ucrania.com.pt\/pt\/wp-json\/wp\/v2\/media?parent=164"}],"curies":[{"name":"wp","href":"https:\/\/api.w.org\/{rel}","templated":true}]}}